{"id":146,"date":"2017-10-10T05:44:12","date_gmt":"2017-10-10T03:44:12","guid":{"rendered":"https:\/\/www.gassiman.bayern\/lexikon\/?page_id=146"},"modified":"2018-10-28T22:46:00","modified_gmt":"2018-10-28T21:46:00","slug":"hunderassen-lexikon-g","status":"publish","type":"page","link":"https:\/\/www.gassiman.bayern\/lexikon\/hunderassen-lexikon-g\/","title":{"rendered":"Hunderassen Lexikon &#8211; G"},"content":{"rendered":"<p><strong><a href=\"https:\/\/www.gassiman.bayern\/lexikon\/\">A<\/a>\u00a0 <a href=\"https:\/\/www.gassiman.bayern\/lexikon\/?page_id=114&amp;preview=true\">B<\/a>\u00a0 <a href=\"https:\/\/www.gassiman.bayern\/lexikon\/?page_id=118&amp;preview=true\">C<\/a>\u00a0 <a href=\"https:\/\/www.gassiman.bayern\/lexikon\/?page_id=133&amp;preview=true\">D<\/a>\u00a0 <a href=\"https:\/\/www.gassiman.bayern\/lexikon\/?page_id=136&amp;preview=true\">E<\/a>\u00a0 <a href=\"https:\/\/www.gassiman.bayern\/lexikon\/?page_id=143&amp;preview=true\">F<\/a>\u00a0 <a href=\"https:\/\/www.gassiman.bayern\/lexikon\/?page_id=146&amp;preview=true\">G<\/a>\u00a0 <a href=\"https:\/\/www.gassiman.bayern\/lexikon\/?page_id=149&amp;preview=true\">H<\/a>\u00a0 <a href=\"https:\/\/www.gassiman.bayern\/lexikon\/?page_id=152&amp;preview=true\">I<\/a>\u00a0 <a href=\"https:\/\/www.gassiman.bayern\/lexikon\/?page_id=155&amp;preview=true\">J<\/a>\u00a0 <a href=\"https:\/\/www.gassiman.bayern\/lexikon\/?page_id=159&amp;preview=true\">K<\/a>\u00a0 <a href=\"https:\/\/www.gassiman.bayern\/lexikon\/?page_id=162&amp;preview=true\">L<\/a>\u00a0 <a href=\"https:\/\/www.gassiman.bayern\/lexikon\/?page_id=165&amp;preview=true\">M<\/a>\u00a0 <a href=\"https:\/\/www.gassiman.bayern\/lexikon\/?page_id=168&amp;preview=true\">N<\/a>\u00a0 <a href=\"https:\/\/www.gassiman.bayern\/lexikon\/?page_id=171&amp;preview=true\">O<\/a>\u00a0 <a href=\"https:\/\/www.gassiman.bayern\/lexikon\/hunderassen-lexikon-oe\/\">\u00d6<\/a>\u00a0 <a href=\"https:\/\/www.gassiman.bayern\/lexikon\/?page_id=174&amp;preview=true\">P<\/a>\u00a0 Q\u00a0 <a href=\"https:\/\/www.gassiman.bayern\/lexikon\/?page_id=179&amp;preview=true\">R<\/a>\u00a0 <a href=\"https:\/\/www.gassiman.bayern\/lexikon\/?page_id=182&amp;preview=true\">S<\/a>\u00a0 <a href=\"https:\/\/www.gassiman.bayern\/lexikon\/?page_id=185&amp;preview=true\">T<\/a>\u00a0 U\u00a0 <a href=\"https:\/\/www.gassiman.bayern\/lexikon\/?page_id=190&amp;preview=true\">V<\/a>\u00a0 <a href=\"https:\/\/www.gassiman.bayern\/lexikon\/?page_id=193&amp;preview=true\">W<\/a>\u00a0 <a href=\"https:\/\/www.gassiman.bayern\/lexikon\/?page_id=196&amp;preview=true\">X<\/a>\u00a0 <a href=\"https:\/\/www.gassiman.bayern\/lexikon\/?page_id=199&amp;preview=true\">Y<\/a>\u00a0 <a href=\"https:\/\/www.gassiman.bayern\/lexikon\/?page_id=202&amp;preview=true\">Z<\/a><\/strong><\/p>\n<p><a href=\"https:\/\/www.gassiman.bayern\/lexikon\/?page_id=228&amp;preview=true\"><strong>Hunderassen Lexikon komplett\u00a0 A-Z<\/strong><\/a><\/p>\n<ul>\n<li><a href=\"https:\/\/de.wikipedia.org\/wiki\/Galgo_Espa%C3%B1ol\"><strong>Galgo Espa\u00f1ol<\/strong><\/a><\/li>\n<li><a href=\"https:\/\/de.wikipedia.org\/wiki\/Pastor_Garafiano\"><strong>Garafiano<\/strong><\/a><\/li>\n<li><a href=\"https:\/\/de.wikipedia.org\/wiki\/Gelbbacke\"><strong>Gelbbacke<\/strong><\/a><\/li>\n<li><a href=\"https:\/\/de.wikipedia.org\/wiki\/Foxterrier\"><strong>Glatthaar-Foxterrier<\/strong><\/a><\/li>\n<li><a href=\"http:\/\/www.vdh.de\/welpen\/mein-welpe\/irish-glen-of-imaal-terrier\"><strong>Glen of Imaal Terrier<\/strong><\/a><\/li>\n<li><a href=\"https:\/\/de.wikipedia.org\/wiki\/Golden_Retriever\"><strong>Golden Retriever<\/strong><\/a><\/li>\n<li><a href=\"https:\/\/de.wikipedia.org\/wiki\/Gordon_Setter\"><strong>Gordon Setter<\/strong><\/a><strong><br \/>\n<\/strong><\/li>\n<li><a href=\"https:\/\/de.wikipedia.org\/wiki\/Grand_Basset_Griffon_Vend%C3%A9en\"><strong>Grand Basset Griffon Vend\u00e9en<\/strong><\/a><\/li>\n<li><a href=\"https:\/\/de.wikipedia.org\/wiki\/Grand_Bleu_de_Gascogne\"><strong>Grand Bleu de Gascogne<\/strong><\/a><\/li>\n<li><a href=\"http:\/\/www.vdh.de\/welpen\/mein-welpe\/grand-gascon-saintongeois\"><strong>Grand Gascon Saintongeois<\/strong><\/a><\/li>\n<li><a href=\"https:\/\/de.wikipedia.org\/wiki\/Griffon_Nivernais\"><strong>Grand Griffon Nivernais<\/strong><\/a><\/li>\n<li><a href=\"https:\/\/de.wikipedia.org\/wiki\/Greyhound_(Hunderasse)\"><strong>Greyhound<\/strong><\/a><\/li>\n<li><a href=\"https:\/\/de.wikipedia.org\/wiki\/Griffon_d%E2%80%99arr%C3%AAt_%C3%A0_poil_dur_%E2%80%93_Korthals\"><strong>Griffon \u00e0 Poil Dur<\/strong><\/a><\/li>\n<li><a href=\"https:\/\/de.wikipedia.org\/wiki\/Griffon_%C3%A0_Poil_Laineux\"><strong>Griffon \u00e0 Poil Laineux<\/strong><\/a><\/li>\n<li><a href=\"https:\/\/de.wikipedia.org\/wiki\/Griffon_Belge\"><strong>Griffon Belge<\/strong><\/a><\/li>\n<li><a href=\"https:\/\/de.wikipedia.org\/wiki\/Griffon_bleu_de_Gascogne\"><strong>Griffon Bleu de Gascogne<\/strong><\/a><\/li>\n<li><a href=\"https:\/\/de.wikipedia.org\/wiki\/Griffon_Bruxellois\"><strong>Griffon Bruxellois<\/strong><\/a><\/li>\n<li><a href=\"https:\/\/de.wikipedia.org\/wiki\/Griffon_Fauve_de_Bretagne\"><strong>Griffon Fauve de Bretagne<\/strong><\/a><\/li>\n<li><a href=\"https:\/\/de.wikipedia.org\/wiki\/Gr%C3%B6nlandhund\"><strong>Gr\u00f6nlandhund<\/strong><\/a><\/li>\n<li><a href=\"https:\/\/de.wikipedia.org\/wiki\/Gro%C3%9Fer_M%C3%BCnsterl%C3%A4nder\"><strong>Gro\u00dfer M\u00fcnsterl\u00e4nder<\/strong><\/a><\/li>\n<li><a href=\"https:\/\/de.wikipedia.org\/wiki\/Grosser_Schweizer_Sennenhund\"><strong>Gro\u00dfer Schweizer Sennenhund<\/strong><\/a><\/li>\n<li><a href=\"https:\/\/de.wikipedia.org\/wiki\/Deutsche_Spitze\"><strong>Gro\u00dfspitz<\/strong><\/a><\/li>\n<\/ul>\n","protected":false},"excerpt":{"rendered":"<p>A\u00a0 B\u00a0 C\u00a0 D\u00a0 E\u00a0 F\u00a0 G\u00a0 H\u00a0 I\u00a0 J\u00a0 K\u00a0 L\u00a0 M\u00a0 N\u00a0 O\u00a0 \u00d6\u00a0 P\u00a0 Q\u00a0 R\u00a0 S\u00a0 T\u00a0 U\u00a0 V\u00a0 W\u00a0 X\u00a0 Y\u00a0 Z Hunderassen Lexikon komplett\u00a0 A-Z Galgo Espa\u00f1ol Garafiano Gelbbacke Glatthaar-Foxterrier Glen of Imaal Terrier Golden Retriever Gordon Setter Grand Basset Griffon Vend\u00e9en Grand Bleu de Gascogne Grand Gascon Saintongeois [&hellip;]<\/p>\n","protected":false},"author":1,"featured_media":0,"parent":0,"menu_order":0,"comment_status":"closed","ping_status":"closed","template":"","meta":{"footnotes":""},"class_list":["post-146","page","type-page","status-publish","hentry"],"_links":{"self":[{"href":"https:\/\/www.gassiman.bayern\/lexikon\/wp-json\/wp\/v2\/pages\/146","targetHints":{"allow":["GET"]}}],"collection":[{"href":"https:\/\/www.gassiman.bayern\/lexikon\/wp-json\/wp\/v2\/pages"}],"about":[{"href":"https:\/\/www.gassiman.bayern\/lexikon\/wp-json\/wp\/v2\/types\/page"}],"author":[{"embeddable":true,"href":"https:\/\/www.gassiman.bayern\/lexikon\/wp-json\/wp\/v2\/users\/1"}],"replies":[{"embeddable":true,"href":"https:\/\/www.gassiman.bayern\/lexikon\/wp-json\/wp\/v2\/comments?post=146"}],"version-history":[{"count":6,"href":"https:\/\/www.gassiman.bayern\/lexikon\/wp-json\/wp\/v2\/pages\/146\/revisions"}],"predecessor-version":[{"id":433,"href":"https:\/\/www.gassiman.bayern\/lexikon\/wp-json\/wp\/v2\/pages\/146\/revisions\/433"}],"wp:attachment":[{"href":"https:\/\/www.gassiman.bayern\/lexikon\/wp-json\/wp\/v2\/media?parent=146"}],"curies":[{"name":"wp","href":"https:\/\/api.w.org\/{rel}","templated":true}]}}