{"id":149,"date":"2017-10-10T05:48:40","date_gmt":"2017-10-10T03:48:40","guid":{"rendered":"https:\/\/www.gassiman.bayern\/lexikon\/?page_id=149"},"modified":"2018-10-28T22:46:07","modified_gmt":"2018-10-28T21:46:07","slug":"hunderassen-lexikon-h","status":"publish","type":"page","link":"https:\/\/www.gassiman.bayern\/lexikon\/hunderassen-lexikon-h\/","title":{"rendered":"Hunderassen Lexikon &#8211; H"},"content":{"rendered":"<p><strong><a href=\"https:\/\/www.gassiman.bayern\/lexikon\/\">A<\/a>\u00a0 <a href=\"https:\/\/www.gassiman.bayern\/lexikon\/?page_id=114&amp;preview=true\">B<\/a>\u00a0 <a href=\"https:\/\/www.gassiman.bayern\/lexikon\/?page_id=118&amp;preview=true\">C<\/a>\u00a0 <a href=\"https:\/\/www.gassiman.bayern\/lexikon\/?page_id=133&amp;preview=true\">D<\/a>\u00a0 <a href=\"https:\/\/www.gassiman.bayern\/lexikon\/?page_id=136&amp;preview=true\">E<\/a>\u00a0 <a href=\"https:\/\/www.gassiman.bayern\/lexikon\/?page_id=143&amp;preview=true\">F<\/a>\u00a0 <a href=\"https:\/\/www.gassiman.bayern\/lexikon\/?page_id=146&amp;preview=true\">G<\/a>\u00a0 <a href=\"https:\/\/www.gassiman.bayern\/lexikon\/?page_id=149&amp;preview=true\">H<\/a>\u00a0 <a href=\"https:\/\/www.gassiman.bayern\/lexikon\/?page_id=152&amp;preview=true\">I<\/a>\u00a0 <a href=\"https:\/\/www.gassiman.bayern\/lexikon\/?page_id=155&amp;preview=true\">J<\/a>\u00a0 <a href=\"https:\/\/www.gassiman.bayern\/lexikon\/?page_id=159&amp;preview=true\">K<\/a>\u00a0 <a href=\"https:\/\/www.gassiman.bayern\/lexikon\/?page_id=162&amp;preview=true\">L<\/a>\u00a0 <a href=\"https:\/\/www.gassiman.bayern\/lexikon\/?page_id=165&amp;preview=true\">M<\/a>\u00a0 <a href=\"https:\/\/www.gassiman.bayern\/lexikon\/?page_id=168&amp;preview=true\">N<\/a>\u00a0 <a href=\"https:\/\/www.gassiman.bayern\/lexikon\/?page_id=171&amp;preview=true\">O<\/a>\u00a0 <a href=\"https:\/\/www.gassiman.bayern\/lexikon\/hunderassen-lexikon-oe\/\">\u00d6<\/a>\u00a0 <a href=\"https:\/\/www.gassiman.bayern\/lexikon\/?page_id=174&amp;preview=true\">P<\/a>\u00a0 Q\u00a0 <a href=\"https:\/\/www.gassiman.bayern\/lexikon\/?page_id=179&amp;preview=true\">R<\/a>\u00a0 <a href=\"https:\/\/www.gassiman.bayern\/lexikon\/?page_id=182&amp;preview=true\">S<\/a>\u00a0 <a href=\"https:\/\/www.gassiman.bayern\/lexikon\/?page_id=185&amp;preview=true\">T<\/a>\u00a0 U\u00a0 <a href=\"https:\/\/www.gassiman.bayern\/lexikon\/?page_id=190&amp;preview=true\">V<\/a>\u00a0 <a href=\"https:\/\/www.gassiman.bayern\/lexikon\/?page_id=193&amp;preview=true\">W<\/a>\u00a0 <a href=\"https:\/\/www.gassiman.bayern\/lexikon\/?page_id=196&amp;preview=true\">X<\/a>\u00a0 <a href=\"https:\/\/www.gassiman.bayern\/lexikon\/?page_id=199&amp;preview=true\">Y<\/a>\u00a0 <a href=\"https:\/\/www.gassiman.bayern\/lexikon\/?page_id=202&amp;preview=true\">Z<\/a><\/strong><\/p>\n<p><a href=\"https:\/\/www.gassiman.bayern\/lexikon\/?page_id=228&amp;preview=true\"><strong>Hunderassen Lexikon komplett\u00a0 A-Z<\/strong><\/a><\/p>\n<ul>\n<li><a href=\"https:\/\/de.wikipedia.org\/wiki\/Haldenst%C3%B8ver\"><b>Haldenst\u00f8ver<\/b><\/a><\/li>\n<li><a href=\"https:\/\/de.wikipedia.org\/wiki\/Hamiltonst%C3%B6vare\"><strong><b>Hamiltonst\u00f6vare<\/b><\/strong><\/a><\/li>\n<li><a href=\"https:\/\/de.wikipedia.org\/wiki\/Hannoverscher_Schwei%C3%9Fhund\"><strong>Hannoverscher Schwei\u00dfhund<\/strong><\/a><\/li>\n<li><a href=\"https:\/\/de.wikipedia.org\/wiki\/Harrier_(Hunderasse)\"><strong>Harrier<\/strong><\/a><\/li>\n<li><a href=\"https:\/\/de.wikipedia.org\/wiki\/Harzer_Fuchs\"><strong>Harzer Fuchs<\/strong><\/a><\/li>\n<li><a href=\"https:\/\/de.wikipedia.org\/wiki\/Havaneser\"><strong>Havaneser<\/strong><\/a><\/li>\n<li><a href=\"https:\/\/de.wikipedia.org\/wiki\/Hokkaido_(Hunderasse)\"><strong>Hokkaido<\/strong><\/a><\/li>\n<li><a href=\"https:\/\/de.wikipedia.org\/wiki\/Hollandse_Herdershond\"><strong>Hollandse Herdershond<\/strong><\/a><\/li>\n<li><a href=\"https:\/\/de.wikipedia.org\/wiki\/Hollandse_Smoushond\"><strong>Hollandse Smoushond<\/strong><\/a><\/li>\n<li><a href=\"https:\/\/de.wikipedia.org\/wiki\/Hovawart\"><strong>Hovawart<\/strong><\/a><\/li>\n<li><a href=\"http:\/\/www.vdh.de\/welpen\/mein-welpe\/hrvatski-ovcar\"><strong>Hrvatski Ovcar<\/strong><\/a><\/li>\n<li><a href=\"https:\/\/de.wikipedia.org\/wiki\/Hygenhund\"><strong>Hygenhund<\/strong><\/a><\/li>\n<\/ul>\n","protected":false},"excerpt":{"rendered":"<p>A\u00a0 B\u00a0 C\u00a0 D\u00a0 E\u00a0 F\u00a0 G\u00a0 H\u00a0 I\u00a0 J\u00a0 K\u00a0 L\u00a0 M\u00a0 N\u00a0 O\u00a0 \u00d6\u00a0 P\u00a0 Q\u00a0 R\u00a0 S\u00a0 T\u00a0 U\u00a0 V\u00a0 W\u00a0 X\u00a0 Y\u00a0 Z Hunderassen Lexikon komplett\u00a0 A-Z Haldenst\u00f8ver Hamiltonst\u00f6vare Hannoverscher Schwei\u00dfhund Harrier Harzer Fuchs Havaneser Hokkaido Hollandse Herdershond Hollandse Smoushond Hovawart Hrvatski Ovcar Hygenhund<\/p>\n","protected":false},"author":1,"featured_media":0,"parent":0,"menu_order":0,"comment_status":"closed","ping_status":"closed","template":"","meta":{"footnotes":""},"class_list":["post-149","page","type-page","status-publish","hentry"],"_links":{"self":[{"href":"https:\/\/www.gassiman.bayern\/lexikon\/wp-json\/wp\/v2\/pages\/149","targetHints":{"allow":["GET"]}}],"collection":[{"href":"https:\/\/www.gassiman.bayern\/lexikon\/wp-json\/wp\/v2\/pages"}],"about":[{"href":"https:\/\/www.gassiman.bayern\/lexikon\/wp-json\/wp\/v2\/types\/page"}],"author":[{"embeddable":true,"href":"https:\/\/www.gassiman.bayern\/lexikon\/wp-json\/wp\/v2\/users\/1"}],"replies":[{"embeddable":true,"href":"https:\/\/www.gassiman.bayern\/lexikon\/wp-json\/wp\/v2\/comments?post=149"}],"version-history":[{"count":6,"href":"https:\/\/www.gassiman.bayern\/lexikon\/wp-json\/wp\/v2\/pages\/149\/revisions"}],"predecessor-version":[{"id":436,"href":"https:\/\/www.gassiman.bayern\/lexikon\/wp-json\/wp\/v2\/pages\/149\/revisions\/436"}],"wp:attachment":[{"href":"https:\/\/www.gassiman.bayern\/lexikon\/wp-json\/wp\/v2\/media?parent=149"}],"curies":[{"name":"wp","href":"https:\/\/api.w.org\/{rel}","templated":true}]}}