{"id":159,"date":"2017-10-10T06:04:05","date_gmt":"2017-10-10T04:04:05","guid":{"rendered":"https:\/\/www.gassiman.bayern\/lexikon\/?page_id=159"},"modified":"2021-09-28T09:28:21","modified_gmt":"2021-09-28T07:28:21","slug":"hunderassen-lexikon-k","status":"publish","type":"page","link":"https:\/\/www.gassiman.bayern\/lexikon\/hunderassen-lexikon-k\/","title":{"rendered":"Hunderassen Lexikon &#8211; K"},"content":{"rendered":"<p><strong><a href=\"https:\/\/www.gassiman.bayern\/lexikon\/\">A<\/a>\u00a0 <a href=\"https:\/\/www.gassiman.bayern\/lexikon\/?page_id=114&amp;preview=true\">B<\/a>\u00a0 <a href=\"https:\/\/www.gassiman.bayern\/lexikon\/?page_id=118&amp;preview=true\">C<\/a>\u00a0 <a href=\"https:\/\/www.gassiman.bayern\/lexikon\/?page_id=133&amp;preview=true\">D<\/a>\u00a0 <a href=\"https:\/\/www.gassiman.bayern\/lexikon\/?page_id=136&amp;preview=true\">E<\/a>\u00a0 <a href=\"https:\/\/www.gassiman.bayern\/lexikon\/?page_id=143&amp;preview=true\">F<\/a>\u00a0 <a href=\"https:\/\/www.gassiman.bayern\/lexikon\/?page_id=146&amp;preview=true\">G<\/a>\u00a0 <a href=\"https:\/\/www.gassiman.bayern\/lexikon\/?page_id=149&amp;preview=true\">H<\/a>\u00a0 <a href=\"https:\/\/www.gassiman.bayern\/lexikon\/?page_id=152&amp;preview=true\">I<\/a>\u00a0 <a href=\"https:\/\/www.gassiman.bayern\/lexikon\/?page_id=155&amp;preview=true\">J<\/a>\u00a0 <a href=\"https:\/\/www.gassiman.bayern\/lexikon\/?page_id=159&amp;preview=true\">K<\/a>\u00a0 <a href=\"https:\/\/www.gassiman.bayern\/lexikon\/?page_id=162&amp;preview=true\">L<\/a>\u00a0 <a href=\"https:\/\/www.gassiman.bayern\/lexikon\/?page_id=165&amp;preview=true\">M<\/a>\u00a0 <a href=\"https:\/\/www.gassiman.bayern\/lexikon\/?page_id=168&amp;preview=true\">N<\/a>\u00a0 <a href=\"https:\/\/www.gassiman.bayern\/lexikon\/?page_id=171&amp;preview=true\">O<\/a>\u00a0 <a href=\"https:\/\/www.gassiman.bayern\/lexikon\/hunderassen-lexikon-oe\/\">\u00d6<\/a>\u00a0 <a href=\"https:\/\/www.gassiman.bayern\/lexikon\/?page_id=174&amp;preview=true\">P<\/a>\u00a0 Q\u00a0 <a href=\"https:\/\/www.gassiman.bayern\/lexikon\/?page_id=179&amp;preview=true\">R<\/a>\u00a0 <a href=\"https:\/\/www.gassiman.bayern\/lexikon\/?page_id=182&amp;preview=true\">S<\/a>\u00a0 <a href=\"https:\/\/www.gassiman.bayern\/lexikon\/?page_id=185&amp;preview=true\">T<\/a>\u00a0 U\u00a0 <a href=\"https:\/\/www.gassiman.bayern\/lexikon\/?page_id=190&amp;preview=true\">V<\/a>\u00a0 <a href=\"https:\/\/www.gassiman.bayern\/lexikon\/?page_id=193&amp;preview=true\">W<\/a>\u00a0 <a href=\"https:\/\/www.gassiman.bayern\/lexikon\/?page_id=196&amp;preview=true\">X<\/a>\u00a0 <a href=\"https:\/\/www.gassiman.bayern\/lexikon\/?page_id=199&amp;preview=true\">Y<\/a>\u00a0 <a href=\"https:\/\/www.gassiman.bayern\/lexikon\/?page_id=202&amp;preview=true\">Z<\/a><\/strong><\/p>\n<p><a href=\"https:\/\/www.gassiman.bayern\/lexikon\/?page_id=228&amp;preview=true\"><strong>Hunderassen Lexikon komplett\u00a0 A-Z<\/strong><\/a><\/p>\n<ul>\n<li><a href=\"https:\/\/de.wikipedia.org\/wiki\/Kai_(Hunderasse)\"><strong>Kai<\/strong><\/a><\/li>\n<li><a href=\"https:\/\/de.wikipedia.org\/wiki\/Kanaan-Hund\"><strong>Kanaan Hund<\/strong><\/a><\/li>\n<li><a href=\"https:\/\/de.wikipedia.org\/wiki\/Karelischer_B%C3%A4renhund\"><strong>Karelischer B\u00e4renhund<\/strong><\/a><\/li>\n<li><a href=\"https:\/\/de.wikipedia.org\/wiki\/Gos_d%E2%80%99Atura_Catal%C3%A0\"><strong>Katalanischer Sch\u00e4ferhund<\/strong><\/a><\/li>\n<li><a href=\"https:\/\/de.wikipedia.org\/wiki\/Kaukasischer_Owtscharka\"><strong>Kaukasischer Owtscharka<\/strong><\/a><\/li>\n<li><a href=\"https:\/\/de.wikipedia.org\/wiki\/Kerry_Beagle\"><strong>Kerry Beagle<\/strong><\/a><\/li>\n<li><a href=\"https:\/\/de.wikipedia.org\/wiki\/Kerry_Blue_Terrier\"><strong>Kerry blue Terrier<\/strong><\/a><strong><br \/>\n<\/strong><\/li>\n<li><a href=\"https:\/\/de.wikipedia.org\/wiki\/Kishu\"><strong>Kishu<\/strong><\/a><\/li>\n<li><a href=\"https:\/\/de.wikipedia.org\/wiki\/Kleiner_M%C3%BCnsterl%C3%A4nder\"><strong>Kleiner M\u00fcnsterl\u00e4nder<\/strong><\/a><\/li>\n<li><a href=\"https:\/\/de.wikipedia.org\/wiki\/Kleinspitz\"><strong>Kleinspitz<\/strong><\/a><\/li>\n<li><a href=\"https:\/\/de.wikipedia.org\/wiki\/Komondor\"><strong>Komondor<\/strong><\/a><\/li>\n<li><a href=\"https:\/\/de.wikipedia.org\/wiki\/Kontinentaler_Zwergspaniel\"><strong>Kontinentale Zwergspaniel<\/strong> <\/a><\/li>\n<li><a href=\"https:\/\/de.wikipedia.org\/wiki\/Nederlandse_Kooikerhondje\"><strong>Kooikerhondje<\/strong><\/a><\/li>\n<li><a href=\"https:\/\/de.wikipedia.org\/wiki\/Korea_Jindo_Dog\"><strong>Korea Jindo Dog<\/strong><\/a><\/li>\n<li><a href=\"https:\/\/de.wikipedia.org\/wiki\/Kritikos_Lagonikos\"><strong>Kritikos Lagonikos<\/strong><\/a><\/li>\n<li><a href=\"https:\/\/de.wikipedia.org\/wiki\/Kromfohrl%C3%A4nder\"><strong>Kromfohrl\u00e4nder<\/strong><\/a><\/li>\n<li><a href=\"https:\/\/de.wikipedia.org\/wiki\/Kurzhaarige_Istrianer_Bracke\"><strong>Kurzhaarige Istrianer Bracke<\/strong><\/a><\/li>\n<li><a href=\"https:\/\/de.wikipedia.org\/wiki\/Kuvasz\"><strong>Kuvasz<\/strong><\/a><\/li>\n<\/ul>\n","protected":false},"excerpt":{"rendered":"<p>A\u00a0 B\u00a0 C\u00a0 D\u00a0 E\u00a0 F\u00a0 G\u00a0 H\u00a0 I\u00a0 J\u00a0 K\u00a0 L\u00a0 M\u00a0 N\u00a0 O\u00a0 \u00d6\u00a0 P\u00a0 Q\u00a0 R\u00a0 S\u00a0 T\u00a0 U\u00a0 V\u00a0 W\u00a0 X\u00a0 Y\u00a0 Z Hunderassen Lexikon komplett\u00a0 A-Z Kai Kanaan Hund Karelischer B\u00e4renhund Katalanischer Sch\u00e4ferhund Kaukasischer Owtscharka Kerry Beagle Kerry blue Terrier Kishu Kleiner M\u00fcnsterl\u00e4nder Kleinspitz Komondor Kontinentale Zwergspaniel Kooikerhondje Korea Jindo [&hellip;]<\/p>\n","protected":false},"author":1,"featured_media":0,"parent":0,"menu_order":0,"comment_status":"closed","ping_status":"closed","template":"","meta":{"footnotes":""},"class_list":["post-159","page","type-page","status-publish","hentry"],"_links":{"self":[{"href":"https:\/\/www.gassiman.bayern\/lexikon\/wp-json\/wp\/v2\/pages\/159","targetHints":{"allow":["GET"]}}],"collection":[{"href":"https:\/\/www.gassiman.bayern\/lexikon\/wp-json\/wp\/v2\/pages"}],"about":[{"href":"https:\/\/www.gassiman.bayern\/lexikon\/wp-json\/wp\/v2\/types\/page"}],"author":[{"embeddable":true,"href":"https:\/\/www.gassiman.bayern\/lexikon\/wp-json\/wp\/v2\/users\/1"}],"replies":[{"embeddable":true,"href":"https:\/\/www.gassiman.bayern\/lexikon\/wp-json\/wp\/v2\/comments?post=159"}],"version-history":[{"count":12,"href":"https:\/\/www.gassiman.bayern\/lexikon\/wp-json\/wp\/v2\/pages\/159\/revisions"}],"predecessor-version":[{"id":584,"href":"https:\/\/www.gassiman.bayern\/lexikon\/wp-json\/wp\/v2\/pages\/159\/revisions\/584"}],"wp:attachment":[{"href":"https:\/\/www.gassiman.bayern\/lexikon\/wp-json\/wp\/v2\/media?parent=159"}],"curies":[{"name":"wp","href":"https:\/\/api.w.org\/{rel}","templated":true}]}}