{"id":174,"date":"2017-10-10T06:11:23","date_gmt":"2017-10-10T04:11:23","guid":{"rendered":"https:\/\/www.gassiman.bayern\/lexikon\/?page_id=174"},"modified":"2018-10-28T22:47:11","modified_gmt":"2018-10-28T21:47:11","slug":"hunderassen-lexikon-p","status":"publish","type":"page","link":"https:\/\/www.gassiman.bayern\/lexikon\/hunderassen-lexikon-p\/","title":{"rendered":"Hunderassen Lexikon &#8211; P"},"content":{"rendered":"<p><strong><a href=\"https:\/\/www.gassiman.bayern\/lexikon\/\">A<\/a>\u00a0 <a href=\"https:\/\/www.gassiman.bayern\/lexikon\/?page_id=114&amp;preview=true\">B<\/a>\u00a0 <a href=\"https:\/\/www.gassiman.bayern\/lexikon\/?page_id=118&amp;preview=true\">C<\/a>\u00a0 <a href=\"https:\/\/www.gassiman.bayern\/lexikon\/?page_id=133&amp;preview=true\">D<\/a>\u00a0 <a href=\"https:\/\/www.gassiman.bayern\/lexikon\/?page_id=136&amp;preview=true\">E<\/a>\u00a0 <a href=\"https:\/\/www.gassiman.bayern\/lexikon\/?page_id=143&amp;preview=true\">F<\/a>\u00a0 <a href=\"https:\/\/www.gassiman.bayern\/lexikon\/?page_id=146&amp;preview=true\">G<\/a>\u00a0 <a href=\"https:\/\/www.gassiman.bayern\/lexikon\/?page_id=149&amp;preview=true\">H<\/a>\u00a0 <a href=\"https:\/\/www.gassiman.bayern\/lexikon\/?page_id=152&amp;preview=true\">I<\/a>\u00a0 <a href=\"https:\/\/www.gassiman.bayern\/lexikon\/?page_id=155&amp;preview=true\">J<\/a>\u00a0 <a href=\"https:\/\/www.gassiman.bayern\/lexikon\/?page_id=159&amp;preview=true\">K<\/a>\u00a0 <a href=\"https:\/\/www.gassiman.bayern\/lexikon\/?page_id=162&amp;preview=true\">L<\/a>\u00a0 <a href=\"https:\/\/www.gassiman.bayern\/lexikon\/?page_id=165&amp;preview=true\">M<\/a>\u00a0 <a href=\"https:\/\/www.gassiman.bayern\/lexikon\/?page_id=168&amp;preview=true\">N<\/a>\u00a0 <a href=\"https:\/\/www.gassiman.bayern\/lexikon\/?page_id=171&amp;preview=true\">O<\/a>\u00a0 <a href=\"https:\/\/www.gassiman.bayern\/lexikon\/hunderassen-lexikon-oe\/\">\u00d6<\/a>\u00a0 <a href=\"https:\/\/www.gassiman.bayern\/lexikon\/?page_id=174&amp;preview=true\">P<\/a>\u00a0 Q\u00a0 <a href=\"https:\/\/www.gassiman.bayern\/lexikon\/?page_id=179&amp;preview=true\">R<\/a>\u00a0 <a href=\"https:\/\/www.gassiman.bayern\/lexikon\/?page_id=182&amp;preview=true\">S<\/a>\u00a0 <a href=\"https:\/\/www.gassiman.bayern\/lexikon\/?page_id=185&amp;preview=true\">T<\/a>\u00a0 U\u00a0 <a href=\"https:\/\/www.gassiman.bayern\/lexikon\/?page_id=190&amp;preview=true\">V<\/a>\u00a0 <a href=\"https:\/\/www.gassiman.bayern\/lexikon\/?page_id=193&amp;preview=true\">W<\/a>\u00a0 <a href=\"https:\/\/www.gassiman.bayern\/lexikon\/?page_id=196&amp;preview=true\">X<\/a>\u00a0 <a href=\"https:\/\/www.gassiman.bayern\/lexikon\/?page_id=199&amp;preview=true\">Y<\/a>\u00a0 <a href=\"https:\/\/www.gassiman.bayern\/lexikon\/?page_id=202&amp;preview=true\">Z<\/a><\/strong><\/p>\n<p><a href=\"https:\/\/www.gassiman.bayern\/lexikon\/?page_id=228&amp;preview=true\"><strong>Hunderassen Lexikon komplett\u00a0 A-Z<\/strong><\/a><\/p>\n<ul>\n<li><a href=\"https:\/\/de.wikipedia.org\/wiki\/Kontinentaler_Zwergspaniel\"><strong>Papillon<\/strong><\/a><\/li>\n<li><a href=\"https:\/\/de.wikipedia.org\/wiki\/Parson_Russell_Terrier\"><strong>Parson Russell Terrier<\/strong><\/a><\/li>\n<li><a href=\"https:\/\/de.wikipedia.org\/wiki\/Patterdale_Terrier\"><strong>Patterdale Terrier<\/strong><\/a><\/li>\n<li><a href=\"https:\/\/de.wikipedia.org\/wiki\/Pekingese\"><strong>Pekingese<\/strong><\/a><\/li>\n<li><a href=\"https:\/\/de.wikipedia.org\/wiki\/Perdigueiro_Portugu%C3%AAs\"><strong>Perdigueiro Portugu\u00eas<\/strong><\/a><\/li>\n<li><a href=\"https:\/\/de.wikipedia.org\/wiki\/Perro_de_Agua_Espa%C3%B1ol\"><strong>Perro de Agua Espa\u00f1ol<\/strong><\/a><\/li>\n<li><a href=\"https:\/\/de.wikipedia.org\/wiki\/Peruanischer_Nackthund\"><strong>Peruanischer Nackthund<\/strong><\/a><\/li>\n<li><a href=\"https:\/\/de.wikipedia.org\/wiki\/Petit_Basset_Griffon_Vend%C3%A9en\"><strong>Petit Basset Griffon Vend\u00e9en<\/strong><\/a><\/li>\n<li><a href=\"http:\/\/www.vdh.de\/welpen\/mein-welpe\/petit-bleu-de-gascogne\"><strong>Petit Bleu de Gascogne<\/strong><\/a><\/li>\n<li><a href=\"http:\/\/www.vdh.de\/welpen\/mein-welpe\/petit-brabancon\"><strong>Petit Braban\u00e7on<\/strong><\/a><\/li>\n<li><a href=\"https:\/\/de.wikipedia.org\/wiki\/Petit_Gascon_Saintongeois\"><strong>Petit Gascon Saintongeois<\/strong><\/a><\/li>\n<li><a href=\"https:\/\/de.wikipedia.org\/wiki\/Kontinentaler_Zwergspaniel\"><strong>Phal\u00e8ne<\/strong><\/a><\/li>\n<li><a href=\"https:\/\/de.wikipedia.org\/wiki\/Pharaonenhund\"><strong>Pharaonenhund<\/strong><\/a><\/li>\n<li><a href=\"https:\/\/de.wikipedia.org\/wiki\/American_Pit_Bull_Terrier\"><strong>Pit Bull Terrier<\/strong><\/a><\/li>\n<li><a href=\"https:\/\/de.wikipedia.org\/wiki\/Plott_Hound\"><strong>Plott Hound<\/strong><\/a><strong><br \/>\n<\/strong><\/li>\n<li><a href=\"https:\/\/de.wikipedia.org\/wiki\/Podenco_Andaluz\"><strong>Podenco Andaluz<\/strong><\/a><\/li>\n<li><a href=\"https:\/\/de.wikipedia.org\/wiki\/Podenco_Andaluz_Maneto\"><strong>Podenco Andaluz Maneto<\/strong><\/a><\/li>\n<li><a href=\"https:\/\/de.wikipedia.org\/wiki\/Podenco_Canario\"><strong>Podenco Canario<\/strong><\/a><\/li>\n<li><a href=\"https:\/\/de.wikipedia.org\/wiki\/Podenco_Ibicenco\"><strong>Podenco Ibicenco<\/strong><\/a><\/li>\n<li><a href=\"https:\/\/de.wikipedia.org\/wiki\/Podengo_Portugu%C3%AAs\"><strong>Podengo Portugu\u00eas<\/strong><\/a><\/li>\n<li><a href=\"https:\/\/de.wikipedia.org\/wiki\/Poitevin_(Hunderasse)\"><strong>Poitevin<\/strong><\/a><\/li>\n<li><a href=\"https:\/\/de.wikipedia.org\/wiki\/Polnische_Bracke\"><strong>Polnische Bracke<\/strong><\/a><\/li>\n<li><a href=\"https:\/\/de.wikipedia.org\/wiki\/Polski_Owczarek_Nizinny\"><strong>Polnischer Niederungsh\u00fctehund<\/strong><\/a><\/li>\n<li><a href=\"https:\/\/de.wikipedia.org\/wiki\/Porcelaine\"><strong>Porcelaine<\/strong><\/a><\/li>\n<li><a href=\"https:\/\/de.wikipedia.org\/wiki\/C%C3%A3o_de_%C3%81gua_Portugu%C3%AAs\"><strong>Portugiesischer Wasserhund<\/strong><\/a><\/li>\n<li><a href=\"https:\/\/de.wikipedia.org\/wiki\/Posavski_Goni%C4%8D\"><strong>Posavski Goni\u010d<\/strong><\/a><\/li>\n<li><a href=\"https:\/\/de.wikipedia.org\/wiki\/Prager_Rattler\"><strong>Prager Rattler<\/strong><\/a><\/li>\n<li><a href=\"https:\/\/de.wikipedia.org\/wiki\/Pudel\"><strong>Pudel<\/strong><\/a><\/li>\n<li><a href=\"https:\/\/de.wikipedia.org\/wiki\/Pudelpointer\"><strong>Pudelpointer<\/strong><\/a><\/li>\n<li><a href=\"https:\/\/de.wikipedia.org\/wiki\/Puli\"><strong>Puli<\/strong><\/a><\/li>\n<li><a href=\"https:\/\/de.wikipedia.org\/wiki\/Pumi_(Hunderasse)\"><strong>Pumi<\/strong><\/a><\/li>\n<li><a href=\"https:\/\/de.wikipedia.org\/wiki\/Chien_de_Montagne_des_Pyr%C3%A9n%C3%A9es\"><strong>Pyren\u00e4en-Berghund<\/strong><\/a><\/li>\n<li><a href=\"https:\/\/de.wikipedia.org\/wiki\/Mast%C3%ADn_del_Pirineo\"><strong>Pyren\u00e4en-Mastiff<\/strong><\/a><\/li>\n<\/ul>\n","protected":false},"excerpt":{"rendered":"<p>A\u00a0 B\u00a0 C\u00a0 D\u00a0 E\u00a0 F\u00a0 G\u00a0 H\u00a0 I\u00a0 J\u00a0 K\u00a0 L\u00a0 M\u00a0 N\u00a0 O\u00a0 \u00d6\u00a0 P\u00a0 Q\u00a0 R\u00a0 S\u00a0 T\u00a0 U\u00a0 V\u00a0 W\u00a0 X\u00a0 Y\u00a0 Z Hunderassen Lexikon komplett\u00a0 A-Z Papillon Parson Russell Terrier Patterdale Terrier Pekingese Perdigueiro Portugu\u00eas Perro de Agua Espa\u00f1ol Peruanischer Nackthund Petit Basset Griffon Vend\u00e9en Petit Bleu de Gascogne Petit [&hellip;]<\/p>\n","protected":false},"author":1,"featured_media":0,"parent":0,"menu_order":0,"comment_status":"closed","ping_status":"closed","template":"","meta":{"footnotes":""},"class_list":["post-174","page","type-page","status-publish","hentry"],"_links":{"self":[{"href":"https:\/\/www.gassiman.bayern\/lexikon\/wp-json\/wp\/v2\/pages\/174","targetHints":{"allow":["GET"]}}],"collection":[{"href":"https:\/\/www.gassiman.bayern\/lexikon\/wp-json\/wp\/v2\/pages"}],"about":[{"href":"https:\/\/www.gassiman.bayern\/lexikon\/wp-json\/wp\/v2\/types\/page"}],"author":[{"embeddable":true,"href":"https:\/\/www.gassiman.bayern\/lexikon\/wp-json\/wp\/v2\/users\/1"}],"replies":[{"embeddable":true,"href":"https:\/\/www.gassiman.bayern\/lexikon\/wp-json\/wp\/v2\/comments?post=174"}],"version-history":[{"count":9,"href":"https:\/\/www.gassiman.bayern\/lexikon\/wp-json\/wp\/v2\/pages\/174\/revisions"}],"predecessor-version":[{"id":524,"href":"https:\/\/www.gassiman.bayern\/lexikon\/wp-json\/wp\/v2\/pages\/174\/revisions\/524"}],"wp:attachment":[{"href":"https:\/\/www.gassiman.bayern\/lexikon\/wp-json\/wp\/v2\/media?parent=174"}],"curies":[{"name":"wp","href":"https:\/\/api.w.org\/{rel}","templated":true}]}}