{"id":27,"date":"2017-10-07T19:19:19","date_gmt":"2017-10-07T17:19:19","guid":{"rendered":"https:\/\/www.gassiman.bayern\/lexikon\/?page_id=27"},"modified":"2018-10-28T23:29:07","modified_gmt":"2018-10-28T22:29:07","slug":"startseite","status":"publish","type":"page","link":"https:\/\/www.gassiman.bayern\/lexikon\/","title":{"rendered":"Hunderassen Lexikon  &#8211; A"},"content":{"rendered":"<p><strong><a href=\"https:\/\/www.gassiman.bayern\/lexikon\/\">A<\/a>\u00a0 <a href=\"https:\/\/www.gassiman.bayern\/lexikon\/?page_id=114&amp;preview=true\">B<\/a>\u00a0 <a href=\"https:\/\/www.gassiman.bayern\/lexikon\/?page_id=118&amp;preview=true\">C<\/a>\u00a0 <a href=\"https:\/\/www.gassiman.bayern\/lexikon\/?page_id=133&amp;preview=true\">D<\/a>\u00a0 <a href=\"https:\/\/www.gassiman.bayern\/lexikon\/?page_id=136&amp;preview=true\">E<\/a>\u00a0 <a href=\"https:\/\/www.gassiman.bayern\/lexikon\/?page_id=143&amp;preview=true\">F<\/a>\u00a0 <a href=\"https:\/\/www.gassiman.bayern\/lexikon\/?page_id=146&amp;preview=true\">G<\/a>\u00a0 <a href=\"https:\/\/www.gassiman.bayern\/lexikon\/?page_id=149&amp;preview=true\">H<\/a>\u00a0 <a href=\"https:\/\/www.gassiman.bayern\/lexikon\/?page_id=152&amp;preview=true\">I<\/a>\u00a0 <a href=\"https:\/\/www.gassiman.bayern\/lexikon\/?page_id=155&amp;preview=true\">J<\/a>\u00a0 <a href=\"https:\/\/www.gassiman.bayern\/lexikon\/?page_id=159&amp;preview=true\">K<\/a>\u00a0 <a href=\"https:\/\/www.gassiman.bayern\/lexikon\/?page_id=162&amp;preview=true\">L<\/a>\u00a0 <a href=\"https:\/\/www.gassiman.bayern\/lexikon\/?page_id=165&amp;preview=true\">M<\/a>\u00a0 <a href=\"https:\/\/www.gassiman.bayern\/lexikon\/?page_id=168&amp;preview=true\">N<\/a>\u00a0 <a href=\"https:\/\/www.gassiman.bayern\/lexikon\/?page_id=171&amp;preview=true\">O<\/a>\u00a0 <a href=\"https:\/\/www.gassiman.bayern\/lexikon\/hunderassen-lexikon-oe\/\">\u00d6<\/a>\u00a0 <a href=\"https:\/\/www.gassiman.bayern\/lexikon\/?page_id=174&amp;preview=true\">P<\/a>\u00a0 Q\u00a0 <a href=\"https:\/\/www.gassiman.bayern\/lexikon\/?page_id=179&amp;preview=true\">R<\/a>\u00a0 <a href=\"https:\/\/www.gassiman.bayern\/lexikon\/?page_id=182&amp;preview=true\">S<\/a>\u00a0 <a href=\"https:\/\/www.gassiman.bayern\/lexikon\/?page_id=185&amp;preview=true\">T<\/a>\u00a0 U\u00a0 <a href=\"https:\/\/www.gassiman.bayern\/lexikon\/?page_id=190&amp;preview=true\">V<\/a>\u00a0 <a href=\"https:\/\/www.gassiman.bayern\/lexikon\/?page_id=193&amp;preview=true\">W<\/a>\u00a0 <a href=\"https:\/\/www.gassiman.bayern\/lexikon\/?page_id=196&amp;preview=true\">X<\/a>\u00a0 <a href=\"https:\/\/www.gassiman.bayern\/lexikon\/?page_id=199&amp;preview=true\">Y<\/a>\u00a0 <a href=\"https:\/\/www.gassiman.bayern\/lexikon\/?page_id=202&amp;preview=true\">Z<\/a><\/strong><\/p>\n<p><a href=\"https:\/\/www.gassiman.bayern\/lexikon\/hunderassen-lexikon-komplette-uebersicht-a-z\/\"><strong>Hunderassen Lexikon komplett\u00a0 A-Z<\/strong><\/a><\/p>\n<ul>\n<li><a href=\"https:\/\/de.wikipedia.org\/wiki\/Affenpinscher\" target=\"_blank\" rel=\"noopener\"><strong>Affenpinscher\u00a0\u00a0 <\/strong><\/a><\/li>\n<li><a href=\"https:\/\/de.wikipedia.org\/wiki\/Afghanischer_Windhund\" target=\"_blank\" rel=\"noopener\"><strong>Afghanischer Windhund <\/strong><\/a><\/li>\n<li><a href=\"https:\/\/de.wikipedia.org\/wiki\/A%C3%AFdi\" target=\"_blank\" rel=\"noopener\"><strong>Aidi <\/strong><\/a><\/li>\n<li><a href=\"https:\/\/de.wikipedia.org\/wiki\/Airedale_Terrier\" target=\"_blank\" rel=\"noopener\"><strong>Airedale-Terrier <\/strong><\/a><\/li>\n<li><a href=\"https:\/\/de.wikipedia.org\/wiki\/Akita_(Hunderasse)\" target=\"_blank\" rel=\"noopener\"><strong>Akita <\/strong><\/a><\/li>\n<li><a href=\"https:\/\/de.wikipedia.org\/wiki\/Aksaray_Malakl%C4%B1s%C4%B1\"><b>Aksaray Malakl\u0131s\u0131<\/b><\/a><\/li>\n<li><a href=\"https:\/\/de.wikipedia.org\/wiki\/Alano_Espa%C3%B1ol\"><b>Alano Espa\u00f1ol<\/b><\/a><\/li>\n<li><a href=\"https:\/\/de.wikipedia.org\/wiki\/Alaskan_Husky\" target=\"_blank\" rel=\"noopener\"><strong>Alaskan Husky <\/strong><\/a><\/li>\n<li><a href=\"https:\/\/de.wikipedia.org\/wiki\/Alaskan_Malamute\" target=\"_blank\" rel=\"noopener\"><strong>Alaskan Malamute <\/strong><\/a><\/li>\n<li><a href=\"https:\/\/de.wikipedia.org\/wiki\/Alpenl%C3%A4ndische_Dachsbracke\" target=\"_blank\" rel=\"noopener\"><strong>Alpenl\u00e4ndische Dachsbracke <\/strong><\/a><\/li>\n<li><a href=\"https:\/\/de.wikipedia.org\/wiki\/Altd%C3%A4nischer_Vorstehhund\" target=\"_blank\" rel=\"noopener\"><strong>Altd\u00e4nischer Vorstehhund <\/strong><\/a><\/li>\n<li><a href=\"https:\/\/de.wikipedia.org\/wiki\/Altdeutscher_Sch%C3%A4ferhund\" target=\"_blank\" rel=\"noopener\"><strong>Altdeutscher Sch\u00e4ferhund <\/strong><\/a><\/li>\n<li><a href=\"https:\/\/de.wikipedia.org\/wiki\/American_Akita\" target=\"_blank\" rel=\"noopener\"><strong>American Akita <\/strong><\/a><\/li>\n<li><a href=\"https:\/\/de.wikipedia.org\/wiki\/American_Bulldog\" target=\"_blank\" rel=\"noopener\"><strong>American Bulldog <\/strong><\/a><\/li>\n<li><a href=\"https:\/\/en.wikipedia.org\/wiki\/American_Bully\"><strong>American Bully <\/strong><\/a><\/li>\n<li><a href=\"https:\/\/de.wikipedia.org\/wiki\/American_Eskimo_Dog\"><strong>American Eskimo Dog <\/strong><\/a><\/li>\n<li><a href=\"https:\/\/de.wikipedia.org\/wiki\/American_Foxhound\"><strong>American Foxhound <\/strong><\/a><\/li>\n<li><a href=\"https:\/\/de.wikipedia.org\/wiki\/American_Pit_Bull_Terrier\"><strong>American Pit Bull Terrier<\/strong><\/a><\/li>\n<li><a href=\"https:\/\/de.wikipedia.org\/wiki\/American_Staffordshire_Terrier\"><strong>American Staffordshire Terrier <\/strong><\/a><\/li>\n<li><a href=\"https:\/\/de.wikipedia.org\/wiki\/American_Water_Spaniel\"><strong>American Water Spaniel <\/strong><\/a><\/li>\n<li><a href=\"https:\/\/de.wikipedia.org\/wiki\/Amerikanischer_Cocker_Spaniel\"><strong>Amerikanischer Cocker Spaniel <\/strong><\/a><\/li>\n<li><a href=\"https:\/\/de.wikipedia.org\/wiki\/Anatolischer_Hirtenhund\"><strong>Anatolischer Hirtenhund <\/strong><\/a><\/li>\n<li><a href=\"https:\/\/de.wikipedia.org\/wiki\/Anglo-Fran%C3%A7ais_de_petite_v%C3%A9nerie\"><strong>Anglo-Fran\u00e7ais de petite v\u00e9nerie <\/strong><\/a><\/li>\n<li><a href=\"https:\/\/de.wikipedia.org\/wiki\/Appenzeller_Sennenhund\"><strong>Appenzeller Sennenhund <\/strong><\/a><\/li>\n<li><a href=\"https:\/\/de.wikipedia.org\/wiki\/Ari%C3%A9geois\"><strong>Ari\u00e9geois <\/strong><\/a><\/li>\n<li><a href=\"https:\/\/de.wikipedia.org\/wiki\/Australian_Cattle_Dog\"><strong>Australian Cattle Dog <\/strong><\/a><\/li>\n<li><a href=\"https:\/\/de.wikipedia.org\/wiki\/Australian_Kelpie\"><strong>Australian Kelpie<\/strong><\/a><\/li>\n<li><a href=\"https:\/\/de.wikipedia.org\/wiki\/Australian_Shepherd\"><strong>Australian Shepherd <\/strong><\/a><\/li>\n<li><a href=\"https:\/\/de.wikipedia.org\/wiki\/Australian_Silky_Terrier\"><strong>Australian Silky Terrier <\/strong><\/a><\/li>\n<li><a href=\"https:\/\/de.wikipedia.org\/wiki\/Australian_Stumpy_Tail_Cattle_Dog\"><strong>Australian Stumpy Tail Cattle Dog<\/strong><\/a><\/li>\n<li><a href=\"https:\/\/de.wikipedia.org\/wiki\/Australian_Terrier\"><strong>Australian Terrier <\/strong><\/a><\/li>\n<li><a href=\"https:\/\/de.wikipedia.org\/wiki\/Azawakh\"><strong>Azawakh<\/strong><\/a><\/li>\n<\/ul>\n<p>&nbsp;<\/p>\n<p style=\"text-align: center;\"><strong>Mit dem Absenden eines Kommentars erkl\u00e4ren Sie sich mit den Datenschutzbestimmungen einverstanden\u00a0<\/strong><\/p>\n<p style=\"text-align: center;\"><strong>\u00a0<a href=\"https:\/\/www.gassiman.bayern\/Datenschutzerkl%C3%A4rung.txt\">https:\/\/www.gassiman.bayern\/Datenschutzerkl\u00e4rung.txt<\/a><\/strong><\/p>\n","protected":false},"excerpt":{"rendered":"<p>A\u00a0 B\u00a0 C\u00a0 D\u00a0 E\u00a0 F\u00a0 G\u00a0 H\u00a0 I\u00a0 J\u00a0 K\u00a0 L\u00a0 M\u00a0 N\u00a0 O\u00a0 \u00d6\u00a0 P\u00a0 Q\u00a0 R\u00a0 S\u00a0 T\u00a0 U\u00a0 V\u00a0 W\u00a0 X\u00a0 Y\u00a0 Z Hunderassen Lexikon komplett\u00a0 A-Z Affenpinscher\u00a0\u00a0 Afghanischer Windhund Aidi Airedale-Terrier Akita Aksaray Malakl\u0131s\u0131 Alano Espa\u00f1ol Alaskan Husky Alaskan Malamute Alpenl\u00e4ndische Dachsbracke Altd\u00e4nischer Vorstehhund Altdeutscher Sch\u00e4ferhund American Akita American Bulldog [&hellip;]<\/p>\n","protected":false},"author":1,"featured_media":0,"parent":0,"menu_order":0,"comment_status":"open","ping_status":"closed","template":"","meta":{"footnotes":""},"class_list":["post-27","page","type-page","status-publish","hentry"],"_links":{"self":[{"href":"https:\/\/www.gassiman.bayern\/lexikon\/wp-json\/wp\/v2\/pages\/27","targetHints":{"allow":["GET"]}}],"collection":[{"href":"https:\/\/www.gassiman.bayern\/lexikon\/wp-json\/wp\/v2\/pages"}],"about":[{"href":"https:\/\/www.gassiman.bayern\/lexikon\/wp-json\/wp\/v2\/types\/page"}],"author":[{"embeddable":true,"href":"https:\/\/www.gassiman.bayern\/lexikon\/wp-json\/wp\/v2\/users\/1"}],"replies":[{"embeddable":true,"href":"https:\/\/www.gassiman.bayern\/lexikon\/wp-json\/wp\/v2\/comments?post=27"}],"version-history":[{"count":82,"href":"https:\/\/www.gassiman.bayern\/lexikon\/wp-json\/wp\/v2\/pages\/27\/revisions"}],"predecessor-version":[{"id":575,"href":"https:\/\/www.gassiman.bayern\/lexikon\/wp-json\/wp\/v2\/pages\/27\/revisions\/575"}],"wp:attachment":[{"href":"https:\/\/www.gassiman.bayern\/lexikon\/wp-json\/wp\/v2\/media?parent=27"}],"curies":[{"name":"wp","href":"https:\/\/api.w.org\/{rel}","templated":true}]}}